{"id":16650,"date":"2020-02-24T22:15:15","date_gmt":"2020-02-24T22:15:15","guid":{"rendered":"https:\/\/demo35.houzez.co\/?page_id=16650"},"modified":"2024-04-23T23:32:20","modified_gmt":"2024-04-23T23:32:20","slug":"nosotros","status":"publish","type":"page","link":"https:\/\/www.casadeherrero.com\/propiedades\/nosotros\/","title":{"rendered":"Nosotros"},"content":{"rendered":"\t\t<div data-elementor-type=\"wp-page\" data-elementor-id=\"16650\" class=\"elementor elementor-16650\">\n\t\t\t\t<div class=\"elementor-element elementor-element-6395f2e animated-slow e-flex e-con-boxed elementor-invisible e-con e-parent\" data-id=\"6395f2e\" data-element_type=\"container\" data-settings=\"{&quot;background_background&quot;:&quot;classic&quot;,&quot;animation&quot;:&quot;fadeIn&quot;}\">\n\t\t\t\t\t<div class=\"e-con-inner\">\n\t\t<div class=\"elementor-element elementor-element-98e4146 e-con-full e-flex e-con e-child\" data-id=\"98e4146\" data-element_type=\"container\">\n\t\t\t\t<div class=\"elementor-element elementor-element-03c051f elementor-invisible elementor-widget elementor-widget-heading\" data-id=\"03c051f\" data-element_type=\"widget\" data-settings=\"{&quot;_animation&quot;:&quot;fadeInDown&quot;}\" data-widget_type=\"heading.default\">\n\t\t\t\t<div class=\"elementor-widget-container\">\n\t\t\t<h1 class=\"elementor-heading-title elementor-size-default\">SOBRE NOSOTROS<\/h1>\t\t<\/div>\n\t\t\t\t<\/div>\n\t\t\t\t<\/div>\n\t\t\t\t\t<\/div>\n\t\t\t\t<\/div>\n\t\t\t\t<section class=\"elementor-section elementor-top-section elementor-element elementor-element-09038dc elementor-section-boxed elementor-section-height-default elementor-section-height-default\" data-id=\"09038dc\" data-element_type=\"section\" data-settings=\"{&quot;background_background&quot;:&quot;classic&quot;}\">\n\t\t\t\t\t\t<div class=\"elementor-container elementor-column-gap-default\">\n\t\t\t\t\t<div class=\"elementor-column elementor-col-100 elementor-top-column elementor-element elementor-element-c8278ac\" data-id=\"c8278ac\" data-element_type=\"column\">\n\t\t\t<div class=\"elementor-widget-wrap elementor-element-populated\">\n\t\t\t\t\t\t<div class=\"elementor-element elementor-element-3271868 elementor-widget elementor-widget-spacer\" data-id=\"3271868\" data-element_type=\"widget\" data-widget_type=\"spacer.default\">\n\t\t\t\t<div class=\"elementor-widget-container\">\n\t\t\t\t\t<div class=\"elementor-spacer\">\n\t\t\t<div class=\"elementor-spacer-inner\"><\/div>\n\t\t<\/div>\n\t\t\t\t<\/div>\n\t\t\t\t<\/div>\n\t\t\t\t<div class=\"elementor-element elementor-element-69fe9b8 elementor-widget elementor-widget-text-editor\" data-id=\"69fe9b8\" data-element_type=\"widget\" data-widget_type=\"text-editor.default\">\n\t\t\t\t<div class=\"elementor-widget-container\">\n\t\t\t\t\t\t\t<p style=\"margin-bottom: 29px; font-family: Arvo, Arial, sans-serif; line-height: 28px;\"><span style=\"color: #999999;\"><span style=\"font-size: 17px;\">Una corredora boutique con servicio personalizado<\/span><\/span><\/p><p><span style=\"color: #777777;\">Hola, somos Casa de Herrero,\u00a0tu socio confiable en el mundo de los bienes ra\u00edces. Nos enorgullece presentarnos como una corredora boutique especializada en ofrecer un servicio personalizado y de alta calidad para nuestros clientes m\u00e1s exigentes.<\/span><\/p><p style=\"margin-bottom: 29px; color: #777777; font-family: Arvo, Arial, sans-serif; line-height: 28px;\">Entendemos que cada propiedad tiene su propia historia, su propio car\u00e1cter y su propio potencial. Es por eso que nos dedicamos a conocer a fondo cada propiedad que representamos, para poder destacar sus mejores atributos y presentarla de manera \u00fanica y atractiva a nuestros clientes.<\/p><p style=\"margin-bottom: 29px; color: #777777; font-family: Arvo, Arial, sans-serif; line-height: 28px;\">Nos especializamos en propiedades exclusivas, ubicadas en las zonas m\u00e1s codiciadas de la ciudad. No solo vendemos propiedades, creamos experiencias inolvidables<\/p><div style=\"font-family: Arvo, Arial, sans-serif; font-size: 15px; line-height: 28px; padding-bottom: 30px; margin-bottom: 0px;\"><div style=\"padding-bottom: 2px; color: #232323;\"><a style=\"color: #777777; transition-duration: 0.3s; transition-property: all; margin-bottom: 0px;\" href=\"mailto:info@casadeherrero.com\" target=\"_blank\" rel=\"noopener\">info@casadeherrero.com<\/a><\/div><\/div>\t\t\t\t\t\t<\/div>\n\t\t\t\t<\/div>\n\t\t\t\t<div class=\"elementor-element elementor-element-89a95a6 elementor-widget elementor-widget-spacer\" data-id=\"89a95a6\" data-element_type=\"widget\" data-widget_type=\"spacer.default\">\n\t\t\t\t<div class=\"elementor-widget-container\">\n\t\t\t\t\t<div class=\"elementor-spacer\">\n\t\t\t<div class=\"elementor-spacer-inner\"><\/div>\n\t\t<\/div>\n\t\t\t\t<\/div>\n\t\t\t\t<\/div>\n\t\t\t\t\t<\/div>\n\t\t<\/div>\n\t\t\t\t\t<\/div>\n\t\t<\/section>\n\t\t\t\t<section class=\"elementor-section elementor-top-section elementor-element elementor-element-fc78338 elementor-section-boxed elementor-section-height-default elementor-section-height-default\" data-id=\"fc78338\" data-element_type=\"section\" data-settings=\"{&quot;background_background&quot;:&quot;classic&quot;}\">\n\t\t\t\t\t\t<div class=\"elementor-container elementor-column-gap-default\">\n\t\t\t\t\t<div class=\"elementor-column elementor-col-100 elementor-top-column elementor-element elementor-element-50dc01c\" data-id=\"50dc01c\" data-element_type=\"column\">\n\t\t\t<div class=\"elementor-widget-wrap elementor-element-populated\">\n\t\t\t\t\t\t<div class=\"elementor-element elementor-element-1f9f780 elementor-widget elementor-widget-spacer\" data-id=\"1f9f780\" data-element_type=\"widget\" data-widget_type=\"spacer.default\">\n\t\t\t\t<div class=\"elementor-widget-container\">\n\t\t\t\t\t<div class=\"elementor-spacer\">\n\t\t\t<div class=\"elementor-spacer-inner\"><\/div>\n\t\t<\/div>\n\t\t\t\t<\/div>\n\t\t\t\t<\/div>\n\t\t\t\t<div class=\"elementor-element elementor-element-928e208 elementor-invisible elementor-widget elementor-widget-heading\" data-id=\"928e208\" data-element_type=\"widget\" data-settings=\"{&quot;_animation&quot;:&quot;fadeInUp&quot;}\" data-widget_type=\"heading.default\">\n\t\t\t\t<div class=\"elementor-widget-container\">\n\t\t\t<h2 class=\"elementor-heading-title elementor-size-default\">CREEMOS EN SERVICIOS DE ALTA CALIDAD\u200b<\/h2>\t\t<\/div>\n\t\t\t\t<\/div>\n\t\t\t\t<div class=\"elementor-element elementor-element-3b7b5cd elementor-widget elementor-widget-spacer\" data-id=\"3b7b5cd\" data-element_type=\"widget\" data-widget_type=\"spacer.default\">\n\t\t\t\t<div class=\"elementor-widget-container\">\n\t\t\t\t\t<div class=\"elementor-spacer\">\n\t\t\t<div class=\"elementor-spacer-inner\"><\/div>\n\t\t<\/div>\n\t\t\t\t<\/div>\n\t\t\t\t<\/div>\n\t\t\t\t\t<\/div>\n\t\t<\/div>\n\t\t\t\t\t<\/div>\n\t\t<\/section>\n\t\t<div class=\"elementor-element elementor-element-d05a17a e-flex e-con-boxed elementor-invisible e-con e-parent\" data-id=\"d05a17a\" data-element_type=\"container\" data-settings=\"{&quot;background_background&quot;:&quot;classic&quot;,&quot;animation&quot;:&quot;fadeIn&quot;}\">\n\t\t\t\t\t<div class=\"e-con-inner\">\n\t\t<div class=\"elementor-element elementor-element-b7aeae1 e-flex e-con-boxed e-con e-child\" data-id=\"b7aeae1\" data-element_type=\"container\">\n\t\t\t\t\t<div class=\"e-con-inner\">\n\t\t\t\t<div class=\"elementor-element elementor-element-848c59c elementor-widget elementor-widget-Houzez_Banner_Image\" data-id=\"848c59c\" data-element_type=\"widget\" data-widget_type=\"Houzez_Banner_Image.default\">\n\t\t\t\t<div class=\"elementor-widget-container\">\n\t\t\t\n        <div class=\"banner-image-module\">\n                        <div class=\"banner-image-content-wrap\">\n                <a>VENTA DE PROPIEDADES<\/a>\n            <\/div>\n                        \n            <img fetchpriority=\"high\" decoding=\"async\" width=\"1440\" height=\"960\" src=\"https:\/\/www.casadeherrero.com\/propiedades\/wp-content\/uploads\/2020\/04\/205.jpg\" class=\"img-fluid\" alt=\"\" srcset=\"https:\/\/www.casadeherrero.com\/propiedades\/wp-content\/uploads\/2020\/04\/205.jpg 1440w, https:\/\/www.casadeherrero.com\/propiedades\/wp-content\/uploads\/2020\/04\/205-300x200.jpg 300w, https:\/\/www.casadeherrero.com\/propiedades\/wp-content\/uploads\/2020\/04\/205-1024x683.jpg 1024w, https:\/\/www.casadeherrero.com\/propiedades\/wp-content\/uploads\/2020\/04\/205-768x512.jpg 768w, https:\/\/www.casadeherrero.com\/propiedades\/wp-content\/uploads\/2020\/04\/205-900x600.jpg 900w, https:\/\/www.casadeherrero.com\/propiedades\/wp-content\/uploads\/2020\/04\/205-496x331.jpg 496w\" sizes=\"(max-width: 1440px) 100vw, 1440px\" \/>\n                            <a class=\"banner-image-module-link\"><\/a>\n                    <\/div>\n        \n   \t\t<\/div>\n\t\t\t\t<\/div>\n\t\t\t\t<div class=\"elementor-element elementor-element-98640d5 elementor-widget__width-initial elementor-widget elementor-widget-heading\" data-id=\"98640d5\" data-element_type=\"widget\" data-widget_type=\"heading.default\">\n\t\t\t\t<div class=\"elementor-widget-container\">\n\t\t\t<p class=\"elementor-heading-title elementor-size-default\">Ofrecemos un servicio de venta de propiedades que se adapta a la agenda de tus clientes premium.<\/p>\t\t<\/div>\n\t\t\t\t<\/div>\n\t\t\t\t\t<\/div>\n\t\t\t\t<\/div>\n\t\t<div class=\"elementor-element elementor-element-ad7e1b6 e-flex e-con-boxed e-con e-child\" data-id=\"ad7e1b6\" data-element_type=\"container\">\n\t\t\t\t\t<div class=\"e-con-inner\">\n\t\t\t\t<div class=\"elementor-element elementor-element-f935c99 elementor-widget elementor-widget-Houzez_Banner_Image\" data-id=\"f935c99\" data-element_type=\"widget\" data-widget_type=\"Houzez_Banner_Image.default\">\n\t\t\t\t<div class=\"elementor-widget-container\">\n\t\t\t\n        <div class=\"banner-image-module\">\n                        <div class=\"banner-image-content-wrap\">\n                <a>DECORACI\u00d3N<\/a>\n            <\/div>\n                        \n            <img decoding=\"async\" width=\"1170\" height=\"877\" src=\"https:\/\/www.casadeherrero.com\/propiedades\/wp-content\/uploads\/2020\/04\/040.jpg\" class=\"img-fluid\" alt=\"\" srcset=\"https:\/\/www.casadeherrero.com\/propiedades\/wp-content\/uploads\/2020\/04\/040.jpg 1170w, https:\/\/www.casadeherrero.com\/propiedades\/wp-content\/uploads\/2020\/04\/040-300x225.jpg 300w, https:\/\/www.casadeherrero.com\/propiedades\/wp-content\/uploads\/2020\/04\/040-1024x768.jpg 1024w, https:\/\/www.casadeherrero.com\/propiedades\/wp-content\/uploads\/2020\/04\/040-768x576.jpg 768w, https:\/\/www.casadeherrero.com\/propiedades\/wp-content\/uploads\/2020\/04\/040-592x444.jpg 592w, https:\/\/www.casadeherrero.com\/propiedades\/wp-content\/uploads\/2020\/04\/040-584x438.jpg 584w, https:\/\/www.casadeherrero.com\/propiedades\/wp-content\/uploads\/2020\/04\/040-800x600.jpg 800w, https:\/\/www.casadeherrero.com\/propiedades\/wp-content\/uploads\/2020\/04\/040-120x90.jpg 120w, https:\/\/www.casadeherrero.com\/propiedades\/wp-content\/uploads\/2020\/04\/040-496x372.jpg 496w\" sizes=\"(max-width: 1170px) 100vw, 1170px\" \/>\n                            <a class=\"banner-image-module-link\"><\/a>\n                    <\/div>\n        \n   \t\t<\/div>\n\t\t\t\t<\/div>\n\t\t\t\t<div class=\"elementor-element elementor-element-f08fbd4 elementor-widget__width-initial elementor-widget elementor-widget-heading\" data-id=\"f08fbd4\" data-element_type=\"widget\" data-widget_type=\"heading.default\">\n\t\t\t\t<div class=\"elementor-widget-container\">\n\t\t\t<p class=\"elementor-heading-title elementor-size-default\"><span>El arte o proceso de dise\u00f1ar la decoraci\u00f3n interior de una habitaci\u00f3n o edificio.<\/span><span><\/span><\/p>\t\t<\/div>\n\t\t\t\t<\/div>\n\t\t\t\t\t<\/div>\n\t\t\t\t<\/div>\n\t\t<div class=\"elementor-element elementor-element-8dac8b0 e-flex e-con-boxed e-con e-child\" data-id=\"8dac8b0\" data-element_type=\"container\">\n\t\t\t\t\t<div class=\"e-con-inner\">\n\t\t\t\t<div class=\"elementor-element elementor-element-9595dbd elementor-widget elementor-widget-Houzez_Banner_Image\" data-id=\"9595dbd\" data-element_type=\"widget\" data-widget_type=\"Houzez_Banner_Image.default\">\n\t\t\t\t<div class=\"elementor-widget-container\">\n\t\t\t\n        <div class=\"banner-image-module\">\n                        <div class=\"banner-image-content-wrap\">\n                <a>REMODELACION<\/a>\n            <\/div>\n                        \n            <img decoding=\"async\" width=\"1170\" height=\"786\" src=\"https:\/\/www.casadeherrero.com\/propiedades\/wp-content\/uploads\/2023\/02\/chicago-07.jpg\" class=\"img-fluid\" alt=\"\" srcset=\"https:\/\/www.casadeherrero.com\/propiedades\/wp-content\/uploads\/2023\/02\/chicago-07.jpg 1170w, https:\/\/www.casadeherrero.com\/propiedades\/wp-content\/uploads\/2023\/02\/chicago-07-300x202.jpg 300w, https:\/\/www.casadeherrero.com\/propiedades\/wp-content\/uploads\/2023\/02\/chicago-07-1024x688.jpg 1024w, https:\/\/www.casadeherrero.com\/propiedades\/wp-content\/uploads\/2023\/02\/chicago-07-768x516.jpg 768w, https:\/\/www.casadeherrero.com\/propiedades\/wp-content\/uploads\/2023\/02\/chicago-07-893x600.jpg 893w, https:\/\/www.casadeherrero.com\/propiedades\/wp-content\/uploads\/2023\/02\/chicago-07-496x333.jpg 496w\" sizes=\"(max-width: 1170px) 100vw, 1170px\" \/>\n                            <a class=\"banner-image-module-link\"><\/a>\n                    <\/div>\n        \n   \t\t<\/div>\n\t\t\t\t<\/div>\n\t\t\t\t<div class=\"elementor-element elementor-element-c963b7a elementor-widget__width-initial elementor-widget elementor-widget-heading\" data-id=\"c963b7a\" data-element_type=\"widget\" data-widget_type=\"heading.default\">\n\t\t\t\t<div class=\"elementor-widget-container\">\n\t\t\t<p class=\"elementor-heading-title elementor-size-default\"><span>Colaboramos con arquitectos y contratistas de confianza para ofrecer servicios de remodelaci\u00f3n que transformen las propiedades en espacios modernos y atractivos.<\/span><span><\/span><\/p>\t\t<\/div>\n\t\t\t\t<\/div>\n\t\t\t\t\t<\/div>\n\t\t\t\t<\/div>\n\t\t\t\t\t<\/div>\n\t\t\t\t<\/div>\n\t\t\t\t<\/div>\n\t\t","protected":false},"excerpt":{"rendered":"<p>SOBRE NOSOTROS Una corredora boutique con servicio personalizado Hola, somos Casa de Herrero,\u00a0tu socio confiable en el mundo de los bienes ra\u00edces. Nos enorgullece presentarnos como una corredora boutique especializada en ofrecer un servicio personalizado y de alta calidad para nuestros clientes m\u00e1s exigentes. Entendemos que cada propiedad tiene su propia historia, su propio car\u00e1cter [&hellip;]<\/p>\n","protected":false},"author":1,"featured_media":0,"parent":0,"menu_order":0,"comment_status":"closed","ping_status":"closed","template":"template\/template-homepage.php","meta":{"footnotes":""},"class_list":["post-16650","page","type-page","status-publish","hentry"],"_links":{"self":[{"href":"https:\/\/www.casadeherrero.com\/propiedades\/wp-json\/wp\/v2\/pages\/16650","targetHints":{"allow":["GET"]}}],"collection":[{"href":"https:\/\/www.casadeherrero.com\/propiedades\/wp-json\/wp\/v2\/pages"}],"about":[{"href":"https:\/\/www.casadeherrero.com\/propiedades\/wp-json\/wp\/v2\/types\/page"}],"author":[{"embeddable":true,"href":"https:\/\/www.casadeherrero.com\/propiedades\/wp-json\/wp\/v2\/users\/1"}],"replies":[{"embeddable":true,"href":"https:\/\/www.casadeherrero.com\/propiedades\/wp-json\/wp\/v2\/comments?post=16650"}],"version-history":[{"count":11,"href":"https:\/\/www.casadeherrero.com\/propiedades\/wp-json\/wp\/v2\/pages\/16650\/revisions"}],"predecessor-version":[{"id":19054,"href":"https:\/\/www.casadeherrero.com\/propiedades\/wp-json\/wp\/v2\/pages\/16650\/revisions\/19054"}],"wp:attachment":[{"href":"https:\/\/www.casadeherrero.com\/propiedades\/wp-json\/wp\/v2\/media?parent=16650"}],"curies":[{"name":"wp","href":"https:\/\/api.w.org\/{rel}","templated":true}]}}